{"id":759,"date":"2023-01-01T15:21:54","date_gmt":"2023-01-01T15:21:54","guid":{"rendered":"https:\/\/raslan-group.com\/dijital-pazarlama\/"},"modified":"2024-09-08T21:06:36","modified_gmt":"2024-09-08T21:06:36","slug":"dijital-pazarlama","status":"publish","type":"page","link":"https:\/\/raslan-group.com\/tr\/dijital-pazarlama\/","title":{"rendered":"Dijital Pazarlama"},"content":{"rendered":"\n<div class=\"wp-block-media-text alignfull has-media-on-the-right is-stacked-on-mobile is-vertically-aligned-top has-text-color has-background has-link-color wp-elements-b191f9ef485eb9cf66dacf626aa8b090\" style=\"color:#fffdc7;background-color:#121c1c;grid-template-columns:auto 60%\"><div class=\"wp-block-media-text__content\">\n<div class=\"wp-block-group has-link-color wp-elements-d0080bcf4791353bd47e85539dc2f3d4 is-layout-flow wp-block-group-is-layout-flow\" style=\"padding-top:2em;padding-right:2em;padding-bottom:2em;padding-left:2em\">\n<h2 class=\"wp-block-heading\" style=\"font-size:48px;font-weight:700;line-height:1.15\">Neden Biz?<\/h2>\n<\/div>\n\n\n\n<p>Sosyal dijital pazarlama \u00e7abalar\u0131m\u0131z, Facebook, Instagram, Twitter ve LinkedIn gibi \u00e7e\u015fitli sosyal medya platformlar\u0131nda etkileyici i\u00e7erikler olu\u015fturup payla\u015fmaya odaklanarak g\u00fc\u00e7l\u00fc bir \u00e7evrimi\u00e7i varl\u0131k olu\u015fturmaya ve hedef kitlemizle ba\u011flant\u0131 kurmaya y\u00f6neliktir. Ayr\u0131ca, bu platformlarda hedeflenen reklamlar kullanarak belirli demografik gruplara ula\u015fmay\u0131 ve web sitemize trafik \u00e7ekmeyi ama\u00e7l\u0131yoruz. Organik i\u00e7erik olu\u015fturup payla\u015fman\u0131n yan\u0131 s\u0131ra, \u00fcr\u00fcnlerimizi ve hizmetlerimizi tan\u0131tmak ve marka bilinirli\u011fini art\u0131rmak i\u00e7in \u00fccretli sosyal medya kampanyalar\u0131ndan da yararlan\u0131yoruz. Ekibimiz, etkili sosyal medya stratejileri olu\u015fturma ve bunlar\u0131 pazarlama hedeflerimize ula\u015fmak i\u00e7in ba\u015far\u0131yla uygulama konusunda uzmand\u0131r.   <\/p>\n<\/div><figure class=\"wp-block-media-text__media\"><img fetchpriority=\"high\" decoding=\"async\" width=\"1024\" height=\"682\" src=\"https:\/\/raslan-group.com\/wp-content\/uploads\/2022\/12\/pexels-photo-6956303-1024x682.jpeg\" alt=\"eski bir foto\u011fraf makinesi kahverengi ka\u011f\u0131d\u0131n \u00fcst\u00fcnde\" class=\"wp-image-115 size-full\" srcset=\"https:\/\/raslan-group.com\/wp-content\/uploads\/2022\/12\/pexels-photo-6956303-1024x682.jpeg 1024w, https:\/\/raslan-group.com\/wp-content\/uploads\/2022\/12\/pexels-photo-6956303-300x200.jpeg 300w, https:\/\/raslan-group.com\/wp-content\/uploads\/2022\/12\/pexels-photo-6956303-600x400.jpeg 600w, https:\/\/raslan-group.com\/wp-content\/uploads\/2022\/12\/pexels-photo-6956303-768x512.jpeg 768w, https:\/\/raslan-group.com\/wp-content\/uploads\/2022\/12\/pexels-photo-6956303-1536x1024.jpeg 1536w, https:\/\/raslan-group.com\/wp-content\/uploads\/2022\/12\/pexels-photo-6956303-1320x880.jpeg 1320w, https:\/\/raslan-group.com\/wp-content\/uploads\/2022\/12\/pexels-photo-6956303.jpeg 1880w\" sizes=\"(max-width: 1024px) 100vw, 1024px\" \/><\/figure><\/div>\n\n<h2 class=\"has-text-align-center wp-block-heading\">Katalog ve Fiyat Listesi \u0130\u00e7in<\/h2>\n\n<div class=\"wp-block-buttons is-layout-flex wp-block-buttons-is-layout-flex\">\n<div class=\"wp-block-button aligncenter\"><a class=\"wp-block-button__link wp-element-button\" href=\"https:\/\/wa.me\/message\/VBEJKSP4QOTMM1\" target=\"_blank\" rel=\"noopener\">Talep G\u00f6nder<\/a><\/div>\n<\/div>\n","protected":false},"excerpt":{"rendered":"<p>Katalog ve Fiyat Listesi \u0130\u00e7in<\/p>\n","protected":false},"author":1,"featured_media":0,"parent":0,"menu_order":0,"comment_status":"closed","ping_status":"closed","template":"","meta":{"footnotes":""},"class_list":["post-759","page","type-page","status-publish","hentry"],"jetpack_sharing_enabled":true,"_links":{"self":[{"href":"https:\/\/raslan-group.com\/tr\/wp-json\/wp\/v2\/pages\/759","targetHints":{"allow":["GET"]}}],"collection":[{"href":"https:\/\/raslan-group.com\/tr\/wp-json\/wp\/v2\/pages"}],"about":[{"href":"https:\/\/raslan-group.com\/tr\/wp-json\/wp\/v2\/types\/page"}],"author":[{"embeddable":true,"href":"https:\/\/raslan-group.com\/tr\/wp-json\/wp\/v2\/users\/1"}],"replies":[{"embeddable":true,"href":"https:\/\/raslan-group.com\/tr\/wp-json\/wp\/v2\/comments?post=759"}],"version-history":[{"count":1,"href":"https:\/\/raslan-group.com\/tr\/wp-json\/wp\/v2\/pages\/759\/revisions"}],"predecessor-version":[{"id":760,"href":"https:\/\/raslan-group.com\/tr\/wp-json\/wp\/v2\/pages\/759\/revisions\/760"}],"wp:attachment":[{"href":"https:\/\/raslan-group.com\/tr\/wp-json\/wp\/v2\/media?parent=759"}],"curies":[{"name":"wp","href":"https:\/\/api.w.org\/{rel}","templated":true}]}}